{"id":241,"date":"2017-03-13T13:42:54","date_gmt":"2017-03-13T13:42:54","guid":{"rendered":"https:\/\/www.casavallecrosia.it\/casa-cares\/"},"modified":"2019-07-09T07:04:42","modified_gmt":"2019-07-09T07:04:42","slug":"waldenser-gaestehaus-vallecrosia","status":"publish","type":"page","link":"https:\/\/www.casavallecrosia.it\/de\/","title":{"rendered":"Waldenser G\u00e4stehaus Vallecrosia"},"content":{"rendered":"<p>Das Waldenser G\u00e4stehaus in Vallecrosia ist eine Ferienunterkunft an der Blumenriviera, die von der Diakonie der Waldenserkirche geleitet wird. Sie ist ideal, um einen g\u00fcnstigen Urlaub in einer beschaulichen Umgebung zu verbringen und eignet sich f\u00fcr Einzelreisende und Familien, insbesondere aber f\u00fcr kleinere und gr\u00f6\u00dfere Gruppen, einschlie\u00dflich Schulklassen.<\/p>\n","protected":false},"excerpt":{"rendered":"<p>Das Waldenser G\u00e4stehaus in Vallecrosia ist eine Ferienunterkunft an der Blumenriviera, die von der Diakonie der Waldenserkirche geleitet wird. Sie ist ideal, um einen g\u00fcnstigen Urlaub in einer beschaulichen Umgebung zu verbringen und eignet sich f\u00fcr Einzelreisende und Familien, insbesondere aber f\u00fcr kleinere und gr\u00f6\u00dfere Gruppen, einschlie\u00dflich Schulklassen.<\/p>\n","protected":false},"author":1,"featured_media":0,"parent":0,"menu_order":0,"comment_status":"closed","ping_status":"closed","template":"","meta":{"footnotes":""},"class_list":["post-241","page","type-page","status-publish","hentry"],"yoast_head":"<!-- This site is optimized with the Yoast SEO plugin v24.8.1 - https:\/\/yoast.com\/wordpress\/plugins\/seo\/ -->\n<title>Waldenser G\u00e4stehaus Vallecrosia | Ferienunterkunft in Ligurien<\/title>\n<meta name=\"description\" content=\"Das Waldenser G\u00e4stehaus in Vallecrosia ist eine Ferienunterkunft an der ber\u00fchmten Blumenriviera in Ligurien. Sie ist ideal, um einen g\u00fcnstigen Urlaub in einer beschaulichen Umgebung zu verbringen. Das Waldenser G\u00e4stehaus in Vallecrosia ist eine Ferienunterkunft an der ber\u00fchmten Blumenriviera in Ligurien. Sie ist ideal, um einen g\u00fcnstigen Urlaub in einer beschaulichen Umgebung zu verbringen.\" \/>\n<meta name=\"robots\" content=\"index, follow, max-snippet:-1, max-image-preview:large, max-video-preview:-1\" \/>\n<link rel=\"canonical\" href=\"https:\/\/www.casavallecrosia.it\/de\/\" \/>\n<meta property=\"og:locale\" content=\"de_DE\" \/>\n<meta property=\"og:type\" content=\"article\" \/>\n<meta property=\"og:title\" content=\"Waldenser G\u00e4stehaus Vallecrosia | Ferienunterkunft in Ligurien\" \/>\n<meta property=\"og:description\" content=\"Das Waldenser G\u00e4stehaus in Vallecrosia ist eine Ferienunterkunft an der ber\u00fchmten Blumenriviera in Ligurien. Sie ist ideal, um einen g\u00fcnstigen Urlaub in einer beschaulichen Umgebung zu verbringen. Das Waldenser G\u00e4stehaus in Vallecrosia ist eine Ferienunterkunft an der ber\u00fchmten Blumenriviera in Ligurien. Sie ist ideal, um einen g\u00fcnstigen Urlaub in einer beschaulichen Umgebung zu verbringen.\" \/>\n<meta property=\"og:url\" content=\"https:\/\/www.casavallecrosia.it\/de\/\" \/>\n<meta property=\"og:site_name\" content=\"Vallecrosia\" \/>\n<meta property=\"article:modified_time\" content=\"2019-07-09T07:04:42+00:00\" \/>\n<meta name=\"twitter:card\" content=\"summary_large_image\" \/>\n<script type=\"application\/ld+json\" class=\"yoast-schema-graph\">{\"@context\":\"https:\/\/schema.org\",\"@graph\":[{\"@type\":\"WebPage\",\"@id\":\"https:\/\/www.casavallecrosia.it\/de\/\",\"url\":\"https:\/\/www.casavallecrosia.it\/de\/\",\"name\":\"Waldenser G\u00e4stehaus Vallecrosia | Ferienunterkunft in Ligurien\",\"isPartOf\":{\"@id\":\"https:\/\/www.casavallecrosia.it\/#website\"},\"datePublished\":\"2017-03-13T13:42:54+00:00\",\"dateModified\":\"2019-07-09T07:04:42+00:00\",\"description\":\"Das Waldenser G\u00e4stehaus in Vallecrosia ist eine Ferienunterkunft an der ber\u00fchmten Blumenriviera in Ligurien. Sie ist ideal, um einen g\u00fcnstigen Urlaub in einer beschaulichen Umgebung zu verbringen. Das Waldenser G\u00e4stehaus in Vallecrosia ist eine Ferienunterkunft an der ber\u00fchmten Blumenriviera in Ligurien. Sie ist ideal, um einen g\u00fcnstigen Urlaub in einer beschaulichen Umgebung zu verbringen.\",\"breadcrumb\":{\"@id\":\"https:\/\/www.casavallecrosia.it\/de\/#breadcrumb\"},\"inLanguage\":\"de\",\"potentialAction\":[{\"@type\":\"ReadAction\",\"target\":[\"https:\/\/www.casavallecrosia.it\/de\/\"]}]},{\"@type\":\"BreadcrumbList\",\"@id\":\"https:\/\/www.casavallecrosia.it\/de\/#breadcrumb\",\"itemListElement\":[{\"@type\":\"ListItem\",\"position\":1,\"name\":\"Home\",\"item\":\"https:\/\/www.casavallecrosia.it\/de\/\"},{\"@type\":\"ListItem\",\"position\":2,\"name\":\"Waldenser G\u00e4stehaus Vallecrosia\"}]},{\"@type\":\"WebSite\",\"@id\":\"https:\/\/www.casavallecrosia.it\/#website\",\"url\":\"https:\/\/www.casavallecrosia.it\/\",\"name\":\"Vallecrosia\",\"description\":\"HOLIDAY HOME ON THE LIGURIAN RIVIERA OF FLOWERS\",\"potentialAction\":[{\"@type\":\"SearchAction\",\"target\":{\"@type\":\"EntryPoint\",\"urlTemplate\":\"https:\/\/www.casavallecrosia.it\/?s={search_term_string}\"},\"query-input\":{\"@type\":\"PropertyValueSpecification\",\"valueRequired\":true,\"valueName\":\"search_term_string\"}}],\"inLanguage\":\"de\"}]}<\/script>\n<!-- \/ Yoast SEO plugin. -->","yoast_head_json":{"title":"Waldenser G\u00e4stehaus Vallecrosia | Ferienunterkunft in Ligurien","description":"Das Waldenser G\u00e4stehaus in Vallecrosia ist eine Ferienunterkunft an der ber\u00fchmten Blumenriviera in Ligurien. Sie ist ideal, um einen g\u00fcnstigen Urlaub in einer beschaulichen Umgebung zu verbringen. Das Waldenser G\u00e4stehaus in Vallecrosia ist eine Ferienunterkunft an der ber\u00fchmten Blumenriviera in Ligurien. Sie ist ideal, um einen g\u00fcnstigen Urlaub in einer beschaulichen Umgebung zu verbringen.","robots":{"index":"index","follow":"follow","max-snippet":"max-snippet:-1","max-image-preview":"max-image-preview:large","max-video-preview":"max-video-preview:-1"},"canonical":"https:\/\/www.casavallecrosia.it\/de\/","og_locale":"de_DE","og_type":"article","og_title":"Waldenser G\u00e4stehaus Vallecrosia | Ferienunterkunft in Ligurien","og_description":"Das Waldenser G\u00e4stehaus in Vallecrosia ist eine Ferienunterkunft an der ber\u00fchmten Blumenriviera in Ligurien. Sie ist ideal, um einen g\u00fcnstigen Urlaub in einer beschaulichen Umgebung zu verbringen. Das Waldenser G\u00e4stehaus in Vallecrosia ist eine Ferienunterkunft an der ber\u00fchmten Blumenriviera in Ligurien. Sie ist ideal, um einen g\u00fcnstigen Urlaub in einer beschaulichen Umgebung zu verbringen.","og_url":"https:\/\/www.casavallecrosia.it\/de\/","og_site_name":"Vallecrosia","article_modified_time":"2019-07-09T07:04:42+00:00","twitter_card":"summary_large_image","schema":{"@context":"https:\/\/schema.org","@graph":[{"@type":"WebPage","@id":"https:\/\/www.casavallecrosia.it\/de\/","url":"https:\/\/www.casavallecrosia.it\/de\/","name":"Waldenser G\u00e4stehaus Vallecrosia | Ferienunterkunft in Ligurien","isPartOf":{"@id":"https:\/\/www.casavallecrosia.it\/#website"},"datePublished":"2017-03-13T13:42:54+00:00","dateModified":"2019-07-09T07:04:42+00:00","description":"Das Waldenser G\u00e4stehaus in Vallecrosia ist eine Ferienunterkunft an der ber\u00fchmten Blumenriviera in Ligurien. Sie ist ideal, um einen g\u00fcnstigen Urlaub in einer beschaulichen Umgebung zu verbringen. Das Waldenser G\u00e4stehaus in Vallecrosia ist eine Ferienunterkunft an der ber\u00fchmten Blumenriviera in Ligurien. Sie ist ideal, um einen g\u00fcnstigen Urlaub in einer beschaulichen Umgebung zu verbringen.","breadcrumb":{"@id":"https:\/\/www.casavallecrosia.it\/de\/#breadcrumb"},"inLanguage":"de","potentialAction":[{"@type":"ReadAction","target":["https:\/\/www.casavallecrosia.it\/de\/"]}]},{"@type":"BreadcrumbList","@id":"https:\/\/www.casavallecrosia.it\/de\/#breadcrumb","itemListElement":[{"@type":"ListItem","position":1,"name":"Home","item":"https:\/\/www.casavallecrosia.it\/de\/"},{"@type":"ListItem","position":2,"name":"Waldenser G\u00e4stehaus Vallecrosia"}]},{"@type":"WebSite","@id":"https:\/\/www.casavallecrosia.it\/#website","url":"https:\/\/www.casavallecrosia.it\/","name":"Vallecrosia","description":"HOLIDAY HOME ON THE LIGURIAN RIVIERA OF FLOWERS","potentialAction":[{"@type":"SearchAction","target":{"@type":"EntryPoint","urlTemplate":"https:\/\/www.casavallecrosia.it\/?s={search_term_string}"},"query-input":{"@type":"PropertyValueSpecification","valueRequired":true,"valueName":"search_term_string"}}],"inLanguage":"de"}]}},"_links":{"self":[{"href":"https:\/\/www.casavallecrosia.it\/de\/wp-json\/wp\/v2\/pages\/241","targetHints":{"allow":["GET"]}}],"collection":[{"href":"https:\/\/www.casavallecrosia.it\/de\/wp-json\/wp\/v2\/pages"}],"about":[{"href":"https:\/\/www.casavallecrosia.it\/de\/wp-json\/wp\/v2\/types\/page"}],"author":[{"embeddable":true,"href":"https:\/\/www.casavallecrosia.it\/de\/wp-json\/wp\/v2\/users\/1"}],"replies":[{"embeddable":true,"href":"https:\/\/www.casavallecrosia.it\/de\/wp-json\/wp\/v2\/comments?post=241"}],"version-history":[{"count":9,"href":"https:\/\/www.casavallecrosia.it\/de\/wp-json\/wp\/v2\/pages\/241\/revisions"}],"predecessor-version":[{"id":715,"href":"https:\/\/www.casavallecrosia.it\/de\/wp-json\/wp\/v2\/pages\/241\/revisions\/715"}],"wp:attachment":[{"href":"https:\/\/www.casavallecrosia.it\/de\/wp-json\/wp\/v2\/media?parent=241"}],"curies":[{"name":"wp","href":"https:\/\/api.w.org\/{rel}","templated":true}]}}